{"id":9,"date":"2017-03-20T11:31:09","date_gmt":"2017-03-20T11:31:09","guid":{"rendered":"https:\/\/demo.themegrill.com\/suffice\/?page_id=9"},"modified":"2021-03-10T14:19:10","modified_gmt":"2021-03-10T14:19:10","slug":"homepage","status":"publish","type":"page","link":"https:\/\/costajunioradvocacia.com.br\/portal\/","title":{"rendered":"Home"},"content":{"rendered":"<div id=\"pl-9\"  class=\"panel-layout\" ><div id=\"pg-9-0\"  class=\"panel-grid panel-has-style\" ><div class=\"siteorigin-panels-stretch panel-row-style panel-row-style-for-9-0\" data-stretch-type=\"full-stretched\" ><div id=\"pgc-9-0-0\"  class=\"panel-grid-cell\" ><div id=\"panel-9-0-0-0\" class=\"so-panel widget widget_themegrill_suffice_slider tg-section tg-slider-widget panel-first-child panel-last-child\" data-index=\"0\" >\r\n\t<div class=\"slider slider-hide-controls slider-controls-rounded slider-height--default\">\r\n\t\t<div class=\"swiper-container\"\r\n\t\t     data-transition-autoplay=\"4000\"\r\n\t\t     data-effect=\"slide\"\r\n\t\t     data-speed=\"1000\"\r\n\t\t     data-loop=\"1\">\r\n\t\t\t<div class=\"swiper-wrapper\">\r\n\t\t\t\t\t\t\t\t\t\t<div class=\"swiper-slide\">\r\n\t\t\t\t\t\t\t<div class=\"slider-content slider-content-default slider-content--left\">\r\n\t\t\t\t\t\t\t\t<div class=\"container\">\r\n\t\t\t\t\t\t\t\t\t<div class=\"slider-content-inner\">\r\n\t\t\t\t\t\t\t\t\t\t\t\t\t\t\t\t\t\t\t\t\t<h3 class=\"slider-title\">Nosso produto \u00e9 a justi\u00e7a<\/h3>\r\n\t\t\t\t\t\t\t\t\t\t\r\n\t\t\t\t\t\t\t\t\t\t\t\t\t\t\t\t\t\t\t\t\t<p class=\"slider-description\">Abra\u00e7amos e lutamos pela sua causa<\/p>\r\n\t\t\t\t\t\t\t\t\t\t\r\n\t\t\t\t\t\t\t\t\t\t\t\t\t\t\t\t\t\t\t<\/div> <!-- slider-content-inner -->\r\n\t\t\t\t\t\t\t\t<\/div> <!-- .container -->\r\n\t\t\t\t\t\t\t<\/div> <!-- .slider-content -->\r\n\t\t\t\t\t\t\t<figure class=\"slider-thumbnail\">\r\n\t\t\t\t\t\t\t\t<img decoding=\"async\" src=\"https:\/\/costajunioradvocacia.com.br\/portal\/wp-content\/uploads\/2021\/03\/banner1.jpg\" alt=\"Nosso produto \u00e9 a justi\u00e7a\" \/>\r\n\t\t\t\t\t\t\t<\/figure>\r\n\t\t\t\t\t\t<\/div> <!-- swiper-slide -->\r\n\t\t\t\t\t\t\t\t\t\t\t\t<div class=\"swiper-slide\">\r\n\t\t\t\t\t\t\t<div class=\"slider-content slider-content-default slider-content--left\">\r\n\t\t\t\t\t\t\t\t<div class=\"container\">\r\n\t\t\t\t\t\t\t\t\t<div class=\"slider-content-inner\">\r\n\t\t\t\t\t\t\t\t\t\t\t\t\t\t\t\t\t\t\t\t\t<h3 class=\"slider-title\">Correspond\u00eancia Jur\u00eddica<\/h3>\r\n\t\t\t\t\t\t\t\t\t\t\r\n\t\t\t\t\t\t\t\t\t\t\t\t\t\t\t\t\t\t\t\t\t<p class=\"slider-description\">Solicite seu servi\u00e7o de correspond\u00eancia<\/p>\r\n\t\t\t\t\t\t\t\t\t\t\r\n\t\t\t\t\t\t\t\t\t\t\t\t\t\t\t\t\t\t\t\t\t<a class=\"btn btn-ghost btn-rounded-edges btn-medium btn-primary\" href=\"https:\/\/costajunioradvocacia.com.br\/portal\/correspondencia\/\"> Saiba mais <\/a>\r\n\t\t\t\t\t\t\t\t\t\t\t\t\t\t\t\t\t\t\t<\/div> <!-- slider-content-inner -->\r\n\t\t\t\t\t\t\t\t<\/div> <!-- .container -->\r\n\t\t\t\t\t\t\t<\/div> <!-- .slider-content -->\r\n\t\t\t\t\t\t\t<figure class=\"slider-thumbnail\">\r\n\t\t\t\t\t\t\t\t<img decoding=\"async\" src=\"https:\/\/costajunioradvocacia.com.br\/portal\/wp-content\/uploads\/2021\/03\/banner2.jpg\" alt=\"Correspond\u00eancia Jur\u00eddica\" \/>\r\n\t\t\t\t\t\t\t<\/figure>\r\n\t\t\t\t\t\t<\/div> <!-- swiper-slide -->\r\n\t\t\t\t\t\t\t\t\t<\/div> <!-- end swiper-wrapper -->\r\n\r\n\t\t\t<div class=\"swiper-pagination\"><\/div>\r\n\t\t\t<div class=\"swiper-button-next\"><\/div>\r\n\t\t\t<div class=\"swiper-button-prev\"><\/div>\r\n\t\t<\/div> <!-- end swiper-container -->\r\n\r\n\t<\/div> <!-- end slider -->\r\n<\/div><\/div><\/div><\/div><div id=\"pg-9-1\"  class=\"panel-grid panel-has-style\" ><div id=\"onepage-features\" class=\"panel-row-style panel-row-style-for-9-1\" ><div id=\"pgc-9-1-0\"  class=\"panel-grid-cell\" ><div id=\"panel-9-1-0-0\" class=\"so-panel widget widget_themegrill_suffice_iconbox tg-iconbox-container panel-first-child panel-last-child\" data-index=\"1\" ><div class=\"icon-box icon-box-bordered\">\r\n\t\t\t<div class=\"icon-box-icon\" style=font-size:28px;background-color:#424143;>\r\n\t\t\t<div class=\"icon-box-icon-container\">\r\n\t\t\t\t<div class=\"icon-box-inner-icon\">\r\n\t\t\t\t\t\t\t\t\t\t<i class=\"fa fa-users\"><\/i>\r\n\t\t\t\t\t\t\t\t\t<\/div>\r\n\t\t\t<\/div>\r\n\t\t<\/div>\r\n\t\t\t<div class=\"icon-box-description\">\r\n\t\t\t\t\t<h5 class=\"icon-box-title\" >Direito Civil<\/h5>\r\n\t\t\t\t\t\t\t<p class=\"icon-box-content\" >A\u00e7\u00f5es indenizat\u00f3rias patrimoniais e extrapatrimoniais (Danos morais e materiais).<\/p>\r\n\t\t\t\t\t<\/div>\r\n<\/div> <!-- end icon-box -->\r\n<\/div><\/div><div id=\"pgc-9-1-1\"  class=\"panel-grid-cell\" ><div id=\"panel-9-1-1-0\" class=\"so-panel widget widget_themegrill_suffice_iconbox tg-iconbox-container panel-first-child panel-last-child\" data-index=\"2\" ><div class=\"icon-box icon-box-bordered\">\r\n\t\t\t<div class=\"icon-box-icon\" style=font-size:28px;background-color:#424143;>\r\n\t\t\t<div class=\"icon-box-icon-container\">\r\n\t\t\t\t<div class=\"icon-box-inner-icon\">\r\n\t\t\t\t\t\t\t\t\t\t<i class=\"fa fa-briefcase\"><\/i>\r\n\t\t\t\t\t\t\t\t\t<\/div>\r\n\t\t\t<\/div>\r\n\t\t<\/div>\r\n\t\t\t<div class=\"icon-box-description\">\r\n\t\t\t\t\t<h5 class=\"icon-box-title\" >Trabalhista<\/h5>\r\n\t\t\t\t\t\t\t<p class=\"icon-box-content\" >Lit\u00edgios trabalhistas patronais e de empregados. Consultoria e Assessoria. C\u00e1lculos Trabalhistas.<\/p>\r\n\t\t\t\t\t<\/div>\r\n<\/div> <!-- end icon-box -->\r\n<\/div><\/div><div id=\"pgc-9-1-2\"  class=\"panel-grid-cell\" ><div id=\"panel-9-1-2-0\" class=\"so-panel widget widget_themegrill_suffice_iconbox tg-iconbox-container panel-first-child panel-last-child\" data-index=\"3\" ><div class=\"icon-box icon-box-bordered\">\r\n\t\t\t<div class=\"icon-box-icon\" style=font-size:28px;background-color:#424143;>\r\n\t\t\t<div class=\"icon-box-icon-container\">\r\n\t\t\t\t<div class=\"icon-box-inner-icon\">\r\n\t\t\t\t\t\t\t\t\t\t<i class=\"fa fa-bank\"><\/i>\r\n\t\t\t\t\t\t\t\t\t<\/div>\r\n\t\t\t<\/div>\r\n\t\t<\/div>\r\n\t\t\t<div class=\"icon-box-description\">\r\n\t\t\t\t\t<h5 class=\"icon-box-title\" >Previd\u00eancia<\/h5>\r\n\t\t\t\t\t\t\t<p class=\"icon-box-content\" >Concess\u00e3o e revis\u00e3o de aposentadorias, licen\u00e7as e demais benef\u00edcios junto ao INSS.<\/p>\r\n\t\t\t\t\t<\/div>\r\n<\/div> <!-- end icon-box -->\r\n<\/div><\/div><div id=\"pgc-9-1-3\"  class=\"panel-grid-cell\" ><div id=\"panel-9-1-3-0\" class=\"so-panel widget widget_themegrill_suffice_iconbox tg-iconbox-container panel-first-child panel-last-child\" data-index=\"4\" ><div class=\"icon-box icon-box-bordered\">\r\n\t\t\t<div class=\"icon-box-icon\" style=font-size:28px;background-color:#424143;>\r\n\t\t\t<div class=\"icon-box-icon-container\">\r\n\t\t\t\t<div class=\"icon-box-inner-icon\">\r\n\t\t\t\t\t\t\t\t\t\t<i class=\"fa fa-user\"><\/i>\r\n\t\t\t\t\t\t\t\t\t<\/div>\r\n\t\t\t<\/div>\r\n\t\t<\/div>\r\n\t\t\t<div class=\"icon-box-description\">\r\n\t\t\t\t\t<h5 class=\"icon-box-title\" >Consumidor<\/h5>\r\n\t\t\t\t\t\t\t<p class=\"icon-box-content\" >Revis\u00e3o contratual, indenizat\u00f3rias e de cumprimento de obriga\u00e7\u00e3o. A\u00e7\u00f5es de Cobran\u00e7as.<\/p>\r\n\t\t\t\t\t<\/div>\r\n<\/div> <!-- end icon-box -->\r\n<\/div><\/div><\/div><\/div><div id=\"pg-9-2\"  class=\"panel-grid panel-has-style\" ><div class=\"siteorigin-panels-stretch panel-row-style panel-row-style-for-9-2\" id=\"onepage-portfolio\" data-stretch-type=\"full\" ><div id=\"pgc-9-2-0\"  class=\"panel-grid-cell\" ><div id=\"panel-9-2-0-0\" class=\"so-panel widget widget_themegrill_suffice_title tg-title-container panel-first-child\" data-index=\"5\" ><div class=\"title title-default title-center\">\r\n\t<h3 class=\"title-title\" style=color:#0a0909;>Consulte seu processo<\/h3>\r\n\r\n\t\r\n\t\r\n\t<\/div>\r\n<\/div><div id=\"panel-9-2-0-1\" class=\"so-panel widget widget_siteorigin-panels-builder panel-last-child\" data-index=\"6\" ><div id=\"pl-w6041389fc3a9b\"  class=\"panel-layout\" ><div id=\"pg-w6041389fc3a9b-0\"  class=\"panel-grid panel-no-style\" ><div id=\"pgc-w6041389fc3a9b-0-0\"  class=\"panel-grid-cell\" ><div id=\"panel-w6041389fc3a9b-0-0-0\" class=\"so-panel widget widget_sow-image panel-first-child panel-last-child\" data-index=\"0\" ><div class=\"so-widget-sow-image so-widget-sow-image-default-7877d6771435\">\n\n<div class=\"sow-image-container\">\n<a href=\"https:\/\/www.tjpb.jus.br\/pje\" target=\"_blank\" rel=\"noopener noreferrer\" >\t<img loading=\"lazy\" decoding=\"async\" src=\"https:\/\/costajunioradvocacia.com.br\/portal\/wp-content\/uploads\/2021\/03\/processo-TJPB.png\" width=\"722\" height=\"208\" srcset=\"https:\/\/costajunioradvocacia.com.br\/portal\/wp-content\/uploads\/2021\/03\/processo-TJPB.png 722w, https:\/\/costajunioradvocacia.com.br\/portal\/wp-content\/uploads\/2021\/03\/processo-TJPB-300x86.png 300w\" sizes=\"auto, (max-width: 722px) 100vw, 722px\" alt=\"\" \t\tclass=\"so-widget-image\"\/>\n<\/a><\/div>\n\n<\/div><\/div><\/div><div id=\"pgc-w6041389fc3a9b-0-1\"  class=\"panel-grid-cell\" ><div id=\"panel-w6041389fc3a9b-0-1-0\" class=\"so-panel widget widget_sow-image panel-first-child panel-last-child\" data-index=\"1\" ><div class=\"so-widget-sow-image so-widget-sow-image-default-7877d6771435\">\n\n<div class=\"sow-image-container\">\n<a href=\"https:\/\/www.trt13.jus.br\/pje\" target=\"_blank\" rel=\"noopener noreferrer\" >\t<img loading=\"lazy\" decoding=\"async\" src=\"https:\/\/costajunioradvocacia.com.br\/portal\/wp-content\/uploads\/2021\/03\/processo-TRT.png\" width=\"722\" height=\"207\" srcset=\"https:\/\/costajunioradvocacia.com.br\/portal\/wp-content\/uploads\/2021\/03\/processo-TRT.png 722w, https:\/\/costajunioradvocacia.com.br\/portal\/wp-content\/uploads\/2021\/03\/processo-TRT-300x86.png 300w\" sizes=\"auto, (max-width: 722px) 100vw, 722px\" alt=\"\" \t\tclass=\"so-widget-image\"\/>\n<\/a><\/div>\n\n<\/div><\/div><\/div><div id=\"pgc-w6041389fc3a9b-0-2\"  class=\"panel-grid-cell\" ><div id=\"panel-w6041389fc3a9b-0-2-0\" class=\"so-panel widget widget_sow-image panel-first-child panel-last-child\" data-index=\"2\" ><div class=\"so-widget-sow-image so-widget-sow-image-default-7877d6771435\">\n\n<div class=\"sow-image-container\">\n<a href=\"https:\/\/ww2.stj.jus.br\/processo\/pesquisa\/?aplicacao=processos.ea\" target=\"_blank\" rel=\"noopener noreferrer\" >\t<img loading=\"lazy\" decoding=\"async\" src=\"https:\/\/costajunioradvocacia.com.br\/portal\/wp-content\/uploads\/2021\/03\/processo-STJ.png\" width=\"725\" height=\"208\" srcset=\"https:\/\/costajunioradvocacia.com.br\/portal\/wp-content\/uploads\/2021\/03\/processo-STJ.png 725w, https:\/\/costajunioradvocacia.com.br\/portal\/wp-content\/uploads\/2021\/03\/processo-STJ-300x86.png 300w\" sizes=\"auto, (max-width: 725px) 100vw, 725px\" alt=\"\" \t\tclass=\"so-widget-image\"\/>\n<\/a><\/div>\n\n<\/div><\/div><\/div><\/div><div id=\"pg-w6041389fc3a9b-1\"  class=\"panel-grid panel-no-style\" ><div id=\"pgc-w6041389fc3a9b-1-0\"  class=\"panel-grid-cell\" ><div id=\"panel-w6041389fc3a9b-1-0-0\" class=\"so-panel widget widget_sow-image panel-first-child panel-last-child\" data-index=\"3\" ><div class=\"so-widget-sow-image so-widget-sow-image-default-7877d6771435\">\n\n<div class=\"sow-image-container\">\n<a href=\"https:\/\/pje.jfpb.jus.br\/pje\/ConsultaPublica\/listView.seam\" target=\"_blank\" rel=\"noopener noreferrer\" >\t<img loading=\"lazy\" decoding=\"async\" src=\"https:\/\/costajunioradvocacia.com.br\/portal\/wp-content\/uploads\/2021\/03\/processo-JFPB.png\" width=\"722\" height=\"208\" srcset=\"https:\/\/costajunioradvocacia.com.br\/portal\/wp-content\/uploads\/2021\/03\/processo-JFPB.png 722w, https:\/\/costajunioradvocacia.com.br\/portal\/wp-content\/uploads\/2021\/03\/processo-JFPB-300x86.png 300w\" sizes=\"auto, (max-width: 722px) 100vw, 722px\" alt=\"\" \t\tclass=\"so-widget-image\"\/>\n<\/a><\/div>\n\n<\/div><\/div><\/div><div id=\"pgc-w6041389fc3a9b-1-1\"  class=\"panel-grid-cell\" ><div id=\"panel-w6041389fc3a9b-1-1-0\" class=\"so-panel widget widget_sow-image panel-first-child panel-last-child\" data-index=\"4\" ><div class=\"so-widget-sow-image so-widget-sow-image-default-7877d6771435\">\n\n<div class=\"sow-image-container\">\n<a href=\"http:\/\/www.tst.jus.br\/web\/pje\" target=\"_blank\" rel=\"noopener noreferrer\" >\t<img loading=\"lazy\" decoding=\"async\" src=\"https:\/\/costajunioradvocacia.com.br\/portal\/wp-content\/uploads\/2021\/03\/processo-TST.png\" width=\"722\" height=\"208\" srcset=\"https:\/\/costajunioradvocacia.com.br\/portal\/wp-content\/uploads\/2021\/03\/processo-TST.png 722w, https:\/\/costajunioradvocacia.com.br\/portal\/wp-content\/uploads\/2021\/03\/processo-TST-300x86.png 300w\" sizes=\"auto, (max-width: 722px) 100vw, 722px\" alt=\"\" \t\tclass=\"so-widget-image\"\/>\n<\/a><\/div>\n\n<\/div><\/div><\/div><div id=\"pgc-w6041389fc3a9b-1-2\"  class=\"panel-grid-cell\" ><div id=\"panel-w6041389fc3a9b-1-2-0\" class=\"so-panel widget widget_sow-image panel-first-child panel-last-child\" data-index=\"5\" ><div class=\"so-widget-sow-image so-widget-sow-image-default-7877d6771435\">\n\n<div class=\"sow-image-container\">\n<a href=\"http:\/\/portal.stf.jus.br\/textos\/verTexto.asp?servico=processosAtendimentoSTF&#038;pagina=processosAtendimentoSTF\" target=\"_blank\" rel=\"noopener noreferrer\" >\t<img loading=\"lazy\" decoding=\"async\" src=\"https:\/\/costajunioradvocacia.com.br\/portal\/wp-content\/uploads\/2021\/03\/processo-STF.png\" width=\"722\" height=\"207\" srcset=\"https:\/\/costajunioradvocacia.com.br\/portal\/wp-content\/uploads\/2021\/03\/processo-STF.png 722w, https:\/\/costajunioradvocacia.com.br\/portal\/wp-content\/uploads\/2021\/03\/processo-STF-300x86.png 300w\" sizes=\"auto, (max-width: 722px) 100vw, 722px\" alt=\"\" \t\tclass=\"so-widget-image\"\/>\n<\/a><\/div>\n\n<\/div><\/div><\/div><\/div><\/div><\/div><\/div><\/div><\/div><div id=\"pg-9-3\"  class=\"panel-grid panel-has-style\" ><div class=\"siteorigin-panels-stretch panel-row-style panel-row-style-for-9-3\" id=\"onepage-team\" data-stretch-type=\"full\" ><div id=\"pgc-9-3-0\"  class=\"panel-grid-cell\" ><div id=\"panel-9-3-0-0\" class=\"so-panel widget widget_themegrill_suffice_title tg-title-container panel-first-child\" data-index=\"7\" ><div class=\"title title-default title-center\">\r\n\t<h3 class=\"title-title\" style=color:#424143;>Links \u00dateis<\/h3>\r\n\r\n\t\r\n\t\r\n\t<\/div>\r\n<\/div><div id=\"panel-9-3-0-1\" class=\"so-panel widget widget_siteorigin-panels-builder panel-last-child\" data-index=\"8\" ><div id=\"pl-w6048c2579dd38\"  class=\"panel-layout\" ><div id=\"pg-w6048c2579dd38-0\"  class=\"panel-grid panel-no-style\" ><div id=\"pgc-w6048c2579dd38-0-0\"  class=\"panel-grid-cell\" ><div id=\"panel-w6048c2579dd38-0-0-0\" class=\"so-panel widget widget_sow-image panel-first-child panel-last-child\" data-index=\"0\" ><div class=\"so-widget-sow-image so-widget-sow-image-default-7877d6771435\">\n\n<div class=\"sow-image-container\">\n<a href=\"https:\/\/www.oab.org.br\/\" target=\"_blank\" rel=\"noopener noreferrer\" >\t<img loading=\"lazy\" decoding=\"async\" src=\"https:\/\/costajunioradvocacia.com.br\/portal\/wp-content\/uploads\/2021\/03\/link-oab.png\" width=\"722\" height=\"208\" srcset=\"https:\/\/costajunioradvocacia.com.br\/portal\/wp-content\/uploads\/2021\/03\/link-oab.png 722w, https:\/\/costajunioradvocacia.com.br\/portal\/wp-content\/uploads\/2021\/03\/link-oab-300x86.png 300w\" sizes=\"auto, (max-width: 722px) 100vw, 722px\" alt=\"\" \t\tclass=\"so-widget-image\"\/>\n<\/a><\/div>\n\n<\/div><\/div><\/div><div id=\"pgc-w6048c2579dd38-0-1\"  class=\"panel-grid-cell\" ><div id=\"panel-w6048c2579dd38-0-1-0\" class=\"so-panel widget widget_sow-image panel-first-child panel-last-child\" data-index=\"1\" ><div class=\"so-widget-sow-image so-widget-sow-image-default-7877d6771435\">\n\n<div class=\"sow-image-container\">\n<a href=\"http:\/\/portal.oabpb.org.br\/\" target=\"_blank\" rel=\"noopener noreferrer\" >\t<img loading=\"lazy\" decoding=\"async\" src=\"https:\/\/costajunioradvocacia.com.br\/portal\/wp-content\/uploads\/2021\/03\/link-oab-pb.png\" width=\"722\" height=\"208\" srcset=\"https:\/\/costajunioradvocacia.com.br\/portal\/wp-content\/uploads\/2021\/03\/link-oab-pb.png 722w, https:\/\/costajunioradvocacia.com.br\/portal\/wp-content\/uploads\/2021\/03\/link-oab-pb-300x86.png 300w\" sizes=\"auto, (max-width: 722px) 100vw, 722px\" alt=\"\" \t\tclass=\"so-widget-image\"\/>\n<\/a><\/div>\n\n<\/div><\/div><\/div><div id=\"pgc-w6048c2579dd38-0-2\"  class=\"panel-grid-cell\" ><div id=\"panel-w6048c2579dd38-0-2-0\" class=\"so-panel widget widget_sow-image panel-first-child panel-last-child\" data-index=\"2\" ><div class=\"so-widget-sow-image so-widget-sow-image-default-7877d6771435\">\n\n<div class=\"sow-image-container\">\n<a href=\"https:\/\/procon.pb.gov.br\/\" target=\"_blank\" rel=\"noopener noreferrer\" >\t<img loading=\"lazy\" decoding=\"async\" src=\"https:\/\/costajunioradvocacia.com.br\/portal\/wp-content\/uploads\/2021\/03\/link-procon-pb.png\" width=\"722\" height=\"207\" srcset=\"https:\/\/costajunioradvocacia.com.br\/portal\/wp-content\/uploads\/2021\/03\/link-procon-pb.png 722w, https:\/\/costajunioradvocacia.com.br\/portal\/wp-content\/uploads\/2021\/03\/link-procon-pb-300x86.png 300w\" sizes=\"auto, (max-width: 722px) 100vw, 722px\" alt=\"\" \t\tclass=\"so-widget-image\"\/>\n<\/a><\/div>\n\n<\/div><\/div><\/div><div id=\"pgc-w6048c2579dd38-0-3\"  class=\"panel-grid-cell\" ><div id=\"panel-w6048c2579dd38-0-3-0\" class=\"so-panel widget widget_sow-image panel-first-child panel-last-child\" data-index=\"3\" ><div class=\"so-widget-sow-image so-widget-sow-image-default-7877d6771435\">\n\n<div class=\"sow-image-container\">\n<a href=\"http:\/\/proconjp.pb.gov.br\/\" target=\"_blank\" rel=\"noopener noreferrer\" >\t<img loading=\"lazy\" decoding=\"async\" src=\"https:\/\/costajunioradvocacia.com.br\/portal\/wp-content\/uploads\/2021\/03\/link-procon-jp.png\" width=\"722\" height=\"207\" srcset=\"https:\/\/costajunioradvocacia.com.br\/portal\/wp-content\/uploads\/2021\/03\/link-procon-jp.png 722w, https:\/\/costajunioradvocacia.com.br\/portal\/wp-content\/uploads\/2021\/03\/link-procon-jp-300x86.png 300w\" sizes=\"auto, (max-width: 722px) 100vw, 722px\" alt=\"\" \t\tclass=\"so-widget-image\"\/>\n<\/a><\/div>\n\n<\/div><\/div><\/div><\/div><div id=\"pg-w6048c2579dd38-1\"  class=\"panel-grid panel-no-style\" ><div id=\"pgc-w6048c2579dd38-1-0\"  class=\"panel-grid-cell\" ><div id=\"panel-w6048c2579dd38-1-0-0\" class=\"so-panel widget widget_sow-image panel-first-child panel-last-child\" data-index=\"4\" ><div class=\"so-widget-sow-image so-widget-sow-image-default-7877d6771435\">\n\n<div class=\"sow-image-container\">\n<a href=\"http:\/\/www.mppb.mp.br\/\" target=\"_blank\" rel=\"noopener noreferrer\" >\t<img loading=\"lazy\" decoding=\"async\" src=\"https:\/\/costajunioradvocacia.com.br\/portal\/wp-content\/uploads\/2021\/03\/link-mppb.png\" width=\"722\" height=\"208\" srcset=\"https:\/\/costajunioradvocacia.com.br\/portal\/wp-content\/uploads\/2021\/03\/link-mppb.png 722w, https:\/\/costajunioradvocacia.com.br\/portal\/wp-content\/uploads\/2021\/03\/link-mppb-300x86.png 300w\" sizes=\"auto, (max-width: 722px) 100vw, 722px\" alt=\"\" \t\tclass=\"so-widget-image\"\/>\n<\/a><\/div>\n\n<\/div><\/div><\/div><div id=\"pgc-w6048c2579dd38-1-1\"  class=\"panel-grid-cell\" ><div id=\"panel-w6048c2579dd38-1-1-0\" class=\"so-panel widget widget_sow-image panel-first-child panel-last-child\" data-index=\"5\" ><div class=\"so-widget-sow-image so-widget-sow-image-default-7877d6771435\">\n\n<div class=\"sow-image-container\">\n<a href=\"http:\/\/www.mpf.mp.br\/\" target=\"_blank\" rel=\"noopener noreferrer\" >\t<img loading=\"lazy\" decoding=\"async\" src=\"https:\/\/costajunioradvocacia.com.br\/portal\/wp-content\/uploads\/2021\/03\/link-mpf.png\" width=\"722\" height=\"207\" srcset=\"https:\/\/costajunioradvocacia.com.br\/portal\/wp-content\/uploads\/2021\/03\/link-mpf.png 722w, https:\/\/costajunioradvocacia.com.br\/portal\/wp-content\/uploads\/2021\/03\/link-mpf-300x86.png 300w\" sizes=\"auto, (max-width: 722px) 100vw, 722px\" alt=\"\" \t\tclass=\"so-widget-image\"\/>\n<\/a><\/div>\n\n<\/div><\/div><\/div><div id=\"pgc-w6048c2579dd38-1-2\"  class=\"panel-grid-cell\" ><div id=\"panel-w6048c2579dd38-1-2-0\" class=\"so-panel widget widget_sow-image panel-first-child panel-last-child\" data-index=\"6\" ><div class=\"so-widget-sow-image so-widget-sow-image-default-7877d6771435\">\n\n<div class=\"sow-image-container\">\n<a href=\"https:\/\/mpt.mp.br\/\" target=\"_blank\" rel=\"noopener noreferrer\" >\t<img loading=\"lazy\" decoding=\"async\" src=\"https:\/\/costajunioradvocacia.com.br\/portal\/wp-content\/uploads\/2021\/03\/link-mpt.png\" width=\"722\" height=\"208\" srcset=\"https:\/\/costajunioradvocacia.com.br\/portal\/wp-content\/uploads\/2021\/03\/link-mpt.png 722w, https:\/\/costajunioradvocacia.com.br\/portal\/wp-content\/uploads\/2021\/03\/link-mpt-300x86.png 300w\" sizes=\"auto, (max-width: 722px) 100vw, 722px\" alt=\"\" \t\tclass=\"so-widget-image\"\/>\n<\/a><\/div>\n\n<\/div><\/div><\/div><div id=\"pgc-w6048c2579dd38-1-3\"  class=\"panel-grid-cell\" ><div id=\"panel-w6048c2579dd38-1-3-0\" class=\"so-panel widget widget_sow-image panel-first-child panel-last-child\" data-index=\"7\" ><div class=\"so-widget-sow-image so-widget-sow-image-default-7877d6771435\">\n\n<div class=\"sow-image-container\">\n<a href=\"https:\/\/www.agu.gov.br\/\" target=\"_blank\" rel=\"noopener noreferrer\" >\t<img loading=\"lazy\" decoding=\"async\" src=\"https:\/\/costajunioradvocacia.com.br\/portal\/wp-content\/uploads\/2021\/03\/link-agu.png\" width=\"722\" height=\"207\" srcset=\"https:\/\/costajunioradvocacia.com.br\/portal\/wp-content\/uploads\/2021\/03\/link-agu.png 722w, https:\/\/costajunioradvocacia.com.br\/portal\/wp-content\/uploads\/2021\/03\/link-agu-300x86.png 300w\" sizes=\"auto, (max-width: 722px) 100vw, 722px\" alt=\"\" \t\tclass=\"so-widget-image\"\/>\n<\/a><\/div>\n\n<\/div><\/div><\/div><\/div><div id=\"pg-w6048c2579dd38-2\"  class=\"panel-grid panel-no-style\" ><div id=\"pgc-w6048c2579dd38-2-0\"  class=\"panel-grid-cell\" ><div id=\"panel-w6048c2579dd38-2-0-0\" class=\"so-panel widget widget_sow-image panel-first-child panel-last-child\" data-index=\"8\" ><div class=\"so-widget-sow-image so-widget-sow-image-default-7877d6771435\">\n\n<div class=\"sow-image-container\">\n<a href=\"https:\/\/www.inss.gov.br\/servicos-do-inss\/consulta-de-situacao-de-beneficio\/\" target=\"_blank\" rel=\"noopener noreferrer\" >\t<img loading=\"lazy\" decoding=\"async\" src=\"https:\/\/costajunioradvocacia.com.br\/portal\/wp-content\/uploads\/2021\/03\/link-inss.png\" width=\"722\" height=\"207\" srcset=\"https:\/\/costajunioradvocacia.com.br\/portal\/wp-content\/uploads\/2021\/03\/link-inss.png 722w, https:\/\/costajunioradvocacia.com.br\/portal\/wp-content\/uploads\/2021\/03\/link-inss-300x86.png 300w\" sizes=\"auto, (max-width: 722px) 100vw, 722px\" alt=\"\" \t\tclass=\"so-widget-image\"\/>\n<\/a><\/div>\n\n<\/div><\/div><\/div><div id=\"pgc-w6048c2579dd38-2-1\"  class=\"panel-grid-cell\" ><div id=\"panel-w6048c2579dd38-2-1-0\" class=\"so-panel widget widget_sow-image panel-first-child panel-last-child\" data-index=\"9\" ><div class=\"so-widget-sow-image so-widget-sow-image-default-7877d6771435\">\n\n<div class=\"sow-image-container\">\n<a href=\"http:\/\/tce.pb.gov.br\/\" target=\"_blank\" rel=\"noopener noreferrer\" >\t<img loading=\"lazy\" decoding=\"async\" src=\"https:\/\/costajunioradvocacia.com.br\/portal\/wp-content\/uploads\/2021\/03\/link-tcepb.png\" width=\"722\" height=\"208\" srcset=\"https:\/\/costajunioradvocacia.com.br\/portal\/wp-content\/uploads\/2021\/03\/link-tcepb.png 722w, https:\/\/costajunioradvocacia.com.br\/portal\/wp-content\/uploads\/2021\/03\/link-tcepb-300x86.png 300w\" sizes=\"auto, (max-width: 722px) 100vw, 722px\" alt=\"\" \t\tclass=\"so-widget-image\"\/>\n<\/a><\/div>\n\n<\/div><\/div><\/div><div id=\"pgc-w6048c2579dd38-2-2\"  class=\"panel-grid-cell\" ><div id=\"panel-w6048c2579dd38-2-2-0\" class=\"so-panel widget widget_sow-image panel-first-child panel-last-child\" data-index=\"10\" ><div class=\"so-widget-sow-image so-widget-sow-image-default-7877d6771435\">\n\n<div class=\"sow-image-container\">\n<a href=\"https:\/\/portal.tcu.gov.br\/inicio\/\" target=\"_blank\" rel=\"noopener noreferrer\" >\t<img loading=\"lazy\" decoding=\"async\" src=\"https:\/\/costajunioradvocacia.com.br\/portal\/wp-content\/uploads\/2021\/03\/link-tcu.png\" width=\"722\" height=\"207\" srcset=\"https:\/\/costajunioradvocacia.com.br\/portal\/wp-content\/uploads\/2021\/03\/link-tcu.png 722w, https:\/\/costajunioradvocacia.com.br\/portal\/wp-content\/uploads\/2021\/03\/link-tcu-300x86.png 300w\" sizes=\"auto, (max-width: 722px) 100vw, 722px\" alt=\"\" \t\tclass=\"so-widget-image\"\/>\n<\/a><\/div>\n\n<\/div><\/div><\/div><div id=\"pgc-w6048c2579dd38-2-3\"  class=\"panel-grid-cell\" ><div id=\"panel-w6048c2579dd38-2-3-0\" class=\"so-panel widget widget_sow-image panel-first-child panel-last-child\" data-index=\"11\" ><div class=\"so-widget-sow-image so-widget-sow-image-default-7877d6771435\">\n\n<div class=\"sow-image-container\">\n<a href=\"http:\/\/www.cgu.gov.br\/\" target=\"_blank\" rel=\"noopener noreferrer\" >\t<img loading=\"lazy\" decoding=\"async\" src=\"https:\/\/costajunioradvocacia.com.br\/portal\/wp-content\/uploads\/2021\/03\/link-cgu.png\" width=\"722\" height=\"207\" srcset=\"https:\/\/costajunioradvocacia.com.br\/portal\/wp-content\/uploads\/2021\/03\/link-cgu.png 722w, https:\/\/costajunioradvocacia.com.br\/portal\/wp-content\/uploads\/2021\/03\/link-cgu-300x86.png 300w\" sizes=\"auto, (max-width: 722px) 100vw, 722px\" alt=\"\" \t\tclass=\"so-widget-image\"\/>\n<\/a><\/div>\n\n<\/div><\/div><\/div><\/div><\/div><\/div><\/div><\/div><\/div><\/div>","protected":false},"excerpt":{"rendered":"<p>Nosso produto \u00e9 a justi\u00e7a Abra\u00e7amos e lutamos pela sua causa Correspond\u00eancia Jur\u00eddica Solicite seu servi\u00e7o de correspond\u00eancia Saiba mais Direito Civil A\u00e7\u00f5es indenizat\u00f3rias patrimoniais e extrapatrimoniais (Danos morais e materiais). Trabalhista Lit\u00edgios trabalhistas patronais e de empregados. Consultoria e Assessoria. C\u00e1lculos Trabalhistas. Previd\u00eancia Concess\u00e3o e revis\u00e3o de aposentadorias, licen\u00e7as e demais benef\u00edcios junto ao [&hellip;]<\/p>\n","protected":false},"author":1,"featured_media":0,"parent":0,"menu_order":0,"comment_status":"closed","ping_status":"closed","template":"page-templates\/page-builder.php","meta":{"footnotes":""},"class_list":["post-9","page","type-page","status-publish","hentry"],"_links":{"self":[{"href":"https:\/\/costajunioradvocacia.com.br\/portal\/wp-json\/wp\/v2\/pages\/9","targetHints":{"allow":["GET"]}}],"collection":[{"href":"https:\/\/costajunioradvocacia.com.br\/portal\/wp-json\/wp\/v2\/pages"}],"about":[{"href":"https:\/\/costajunioradvocacia.com.br\/portal\/wp-json\/wp\/v2\/types\/page"}],"author":[{"embeddable":true,"href":"https:\/\/costajunioradvocacia.com.br\/portal\/wp-json\/wp\/v2\/users\/1"}],"replies":[{"embeddable":true,"href":"https:\/\/costajunioradvocacia.com.br\/portal\/wp-json\/wp\/v2\/comments?post=9"}],"version-history":[{"count":40,"href":"https:\/\/costajunioradvocacia.com.br\/portal\/wp-json\/wp\/v2\/pages\/9\/revisions"}],"predecessor-version":[{"id":423,"href":"https:\/\/costajunioradvocacia.com.br\/portal\/wp-json\/wp\/v2\/pages\/9\/revisions\/423"}],"wp:attachment":[{"href":"https:\/\/costajunioradvocacia.com.br\/portal\/wp-json\/wp\/v2\/media?parent=9"}],"curies":[{"name":"wp","href":"https:\/\/api.w.org\/{rel}","templated":true}]}}