{"id":292,"date":"2021-03-04T19:02:43","date_gmt":"2021-03-04T19:02:43","guid":{"rendered":"https:\/\/costajunioradvocacia.com.br\/portal\/?page_id=292"},"modified":"2021-03-04T19:07:50","modified_gmt":"2021-03-04T19:07:50","slug":"contato","status":"publish","type":"page","link":"https:\/\/costajunioradvocacia.com.br\/portal\/contato\/","title":{"rendered":"Contato"},"content":{"rendered":"<div id=\"pl-292\"  class=\"panel-layout\" ><div id=\"pg-292-0\"  class=\"panel-grid panel-no-style\" ><div id=\"pgc-292-0-0\"  class=\"panel-grid-cell\" ><div id=\"panel-292-0-0-0\" class=\"so-panel widget widget_themegrill_suffice_title tg-title-container panel-first-child panel-last-child\" data-index=\"0\" ><div class=\"title title-default title-left\">\r\n\t<h3 class=\"title-title\">Contato<\/h3>\r\n\r\n\t\r\n\t\r\n\t<\/div>\r\n<\/div><\/div><\/div><div id=\"pg-292-1\"  class=\"panel-grid panel-no-style\" ><div id=\"pgc-292-1-0\"  class=\"panel-grid-cell\" ><div id=\"panel-292-1-0-0\" class=\"so-panel widget widget_sow-editor panel-first-child panel-last-child\" data-index=\"1\" ><div class=\"so-widget-sow-editor so-widget-sow-editor-base\">\n<div class=\"siteorigin-widget-tinymce textwidget\">\n\t<p>Se voc\u00ea tiver alguma d\u00favida, sugest\u00e3o ou elogio sobre n\u00f3s ou sobre o nosso site, nos envie uma mensagem.<\/p>\n<p>Vamos analisar o seu contato e retornaremos com uma resposta o mais breve poss\u00edvel.<\/p>\n<div class=\"everest-forms\"><div class=\"evf-container default\" id=\"evf-295\"><form id=\"evf-form-295\" class=\"everest-form\" data-formid=\"295\" data-ajax_submission=\"0\" method=\"post\" enctype=\"multipart\/form-data\" action=\"\/portal\/wp-json\/wp\/v2\/pages\/292\"><div class=\"evf-field-container\"><input type=\"hidden\" id=\"_wpnonce\" name=\"_wpnonce\" value=\"a417a4e487\" \/><input type=\"hidden\" name=\"_wp_http_referer\" value=\"\/portal\/wp-json\/wp\/v2\/pages\/292\" \/><div class=\"evf-frontend-row\" data-row=\"row_1\"><div class=\"evf-frontend-grid evf-grid-1\" data-grid=\"grid_1\"><div id=\"evf-295-field_ys0GeZISRs-1-container\" class=\"evf-field evf-field-first-name form-row validate-required\" data-required-field-message=\"Campo obrigat\u00f3rio\" data-field-id=\"ys0GeZISRs-1\"><label class=\"evf-field-label\" for=\"evf-295-field_ys0GeZISRs-1\"><span class=\"evf-label\">Nome<\/span> <abbr class=\"required\" title=\"Required\">*<\/abbr><\/label><input type=\"text\" id=\"evf-295-field_ys0GeZISRs-1\" class=\"input-text\" name=\"everest_forms[form_fields][ys0GeZISRs-1]\" required><\/div><div id=\"evf-295-field_LbH5NxasXM-2-container\" class=\"evf-field evf-field-email form-row validate-required validate-email\" data-required-field-message=\"Forne\u00e7a um e-mail v\u00e1lido\" data-field-id=\"LbH5NxasXM-2\"><label class=\"evf-field-label\" for=\"evf-295-field_LbH5NxasXM-2\"><span class=\"evf-label\">Email<\/span> <abbr class=\"required\" title=\"Required\">*<\/abbr><\/label><input type=\"email\" id=\"evf-295-field_LbH5NxasXM-2\" class=\"input-text\" name=\"everest_forms[form_fields][LbH5NxasXM-2]\" required><\/div><div id=\"evf-295-field_66FR384cge-3-container\" class=\"evf-field evf-field-text form-row\" data-field-id=\"66FR384cge-3\"><label class=\"evf-field-label\" for=\"evf-295-field_66FR384cge-3\"><span class=\"evf-label\">Assunto<\/span> <\/label><input type=\"text\" id=\"evf-295-field_66FR384cge-3\" class=\"input-text\" name=\"everest_forms[form_fields][66FR384cge-3]\" ><\/div><div id=\"evf-295-field_yhGx3FOwr2-4-container\" class=\"evf-field evf-field-textarea form-row validate-required\" data-required-field-message=\"Este campo \u00e9 obrigat\u00f3rio\" data-field-id=\"yhGx3FOwr2-4\"><label class=\"evf-field-label\" for=\"evf-295-field_yhGx3FOwr2-4\"><span class=\"evf-label\">Mensagem<\/span> <abbr class=\"required\" title=\"Required\">*<\/abbr><\/label><textarea id=\"evf-295-field_yhGx3FOwr2-4\" class=\"input-text\" name=\"everest_forms[form_fields][yhGx3FOwr2-4]\" required><\/textarea><\/div><\/div><\/div><\/div><div class=\"evf-honeypot-container evf-field-hp\"><label for=\"evf-295-field-hp\" class=\"evf-field-label\">Name<\/label><input type=\"text\" name=\"everest_forms[hp]\" id=\"evf-295-field-hp\" class=\"input-text\"><\/div><div class=\"evf-submit-container \" ><input type=\"hidden\" name=\"everest_forms[id]\" value=\"295\"><input type=\"hidden\" name=\"everest_forms[author]\" value=\"1\"><button type='submit' name='everest_forms[submit]' class='everest-forms-submit-button button evf-submit ' id='evf-submit-295' value='evf-submit' data-process-text=\"Processando\u2026\" conditional_rules='\"\"' conditional_id='evf-submit-295' >Enviar<\/button><\/div><\/form><\/div><!-- .evf-container --><\/div>\n<\/div>\n<\/div><\/div><\/div><div id=\"pgc-292-1-1\"  class=\"panel-grid-cell\" ><div id=\"panel-292-1-1-0\" class=\"widget_text so-panel widget widget_custom_html panel-first-child panel-last-child\" data-index=\"2\" ><div class=\"textwidget custom-html-widget\"><iframe src=\"https:\/\/www.google.com\/maps\/embed?pb=!1m14!1m8!1m3!1d9484.501346861747!2d-34.85101036745705!3d-7.119892520783713!3m2!1i1024!2i768!4f13.1!3m3!1m2!1s0x7acdd4c315b659d%3A0x97a1b767a94b3c60!2sR.%20Jos%C3%A9%20Florentino%20J%C3%BAnior%2C%20281%20-%20Tambauzinho%2C%20Jo%C3%A3o%20Pessoa%20-%20PB%2C%2058042-040%2C%20Brasil!5e0!3m2!1spt-BR!2sus!4v1614884545215!5m2!1spt-BR!2sus\" width=\"100%\" height=\"550\" style=\"border:0;\" allowfullscreen=\"\" loading=\"lazy\"><\/iframe><\/div><\/div><\/div><\/div><\/div>","protected":false},"excerpt":{"rendered":"<p>Se voc\u00ea tiver alguma d\u00favida, sugest\u00e3o ou elogio sobre n\u00f3s ou sobre o nosso site, nos envie uma mensagem. Vamos analisar o seu contato e retornaremos com uma resposta o mais breve poss\u00edvel.<\/p>\n","protected":false},"author":1,"featured_media":0,"parent":0,"menu_order":0,"comment_status":"closed","ping_status":"closed","template":"","meta":{"footnotes":""},"class_list":["post-292","page","type-page","status-publish","hentry"],"_links":{"self":[{"href":"https:\/\/costajunioradvocacia.com.br\/portal\/wp-json\/wp\/v2\/pages\/292","targetHints":{"allow":["GET"]}}],"collection":[{"href":"https:\/\/costajunioradvocacia.com.br\/portal\/wp-json\/wp\/v2\/pages"}],"about":[{"href":"https:\/\/costajunioradvocacia.com.br\/portal\/wp-json\/wp\/v2\/types\/page"}],"author":[{"embeddable":true,"href":"https:\/\/costajunioradvocacia.com.br\/portal\/wp-json\/wp\/v2\/users\/1"}],"replies":[{"embeddable":true,"href":"https:\/\/costajunioradvocacia.com.br\/portal\/wp-json\/wp\/v2\/comments?post=292"}],"version-history":[{"count":8,"href":"https:\/\/costajunioradvocacia.com.br\/portal\/wp-json\/wp\/v2\/pages\/292\/revisions"}],"predecessor-version":[{"id":301,"href":"https:\/\/costajunioradvocacia.com.br\/portal\/wp-json\/wp\/v2\/pages\/292\/revisions\/301"}],"wp:attachment":[{"href":"https:\/\/costajunioradvocacia.com.br\/portal\/wp-json\/wp\/v2\/media?parent=292"}],"curies":[{"name":"wp","href":"https:\/\/api.w.org\/{rel}","templated":true}]}}