{"id":214,"date":"2021-03-04T14:57:03","date_gmt":"2021-03-04T14:57:03","guid":{"rendered":"https:\/\/costajunioradvocacia.com.br\/portal\/?page_id=214"},"modified":"2021-03-04T20:08:10","modified_gmt":"2021-03-04T20:08:10","slug":"correspondencia","status":"publish","type":"page","link":"https:\/\/costajunioradvocacia.com.br\/portal\/correspondencia\/","title":{"rendered":"Correspond\u00eancia"},"content":{"rendered":"<div id=\"pl-214\"  class=\"panel-layout\" ><div id=\"pg-214-0\"  class=\"panel-grid panel-no-style\" ><div id=\"pgc-214-0-0\"  class=\"panel-grid-cell\" ><div id=\"panel-214-0-0-0\" class=\"so-panel widget widget_themegrill_suffice_title tg-title-container panel-first-child\" data-index=\"0\" ><div class=\"title title-default title-left\">\r\n\t<h3 class=\"title-title\">Servi\u00e7os de Correspond\u00eancia Jur\u00eddica<\/h3>\r\n\r\n\t\r\n\t\r\n\t<\/div>\r\n<\/div><div id=\"panel-214-0-0-1\" class=\"widget_text so-panel widget widget_custom_html panel-last-child\" data-index=\"1\" ><div class=\"textwidget custom-html-widget\"><p align=\"justity\" style=\"text-align:justify !important\">Caros Advogados e Escrit\u00f3rios Jur\u00eddicos, desempenhamos atividades de Correspond\u00eancia Jur\u00eddica na Regi\u00e3o Metropolitana de Jo\u00e3o Pessoa\/PB, nas demais cidades da Para\u00edba, apenas, mediante consulta.\n<br>\n<br>\nSendo necess\u00e1rio interven\u00e7\u00e3o, provid\u00eancias ou execu\u00e7\u00e3o de dilig\u00eancias, nosso escrit\u00f3rio est\u00e1 apto a auxili\u00e1-los. Basta nos enviar as dilig\u00eancias necess\u00e1rias atrav\u00e9s do formul\u00e1rio que enviaremos or\u00e7amento detalhado.\n<br>\n<br>\nOs honor\u00e1rios para a execu\u00e7\u00e3o de dilig\u00eancias e servi\u00e7os de apoio jur\u00eddico, s\u00e3o ajustados em raz\u00e3o de cada particularidades e necessidade de cada caso ou contrata\u00e7\u00e3o.\n<br>\n<br>\nEssa \u00e9 uma tabela com valores em geral, podendo ser alterada de acordo com a complexidade do caso concreto e acordo entre as partes. Os valores constantes na tabela abaixo s\u00e3o descritos por ato ou unidade de processos a serem diligenciados, e seguem as seguintes diretrizes:\n<br>\n<br>\nA solicita\u00e7\u00e3o do servi\u00e7o deve ser confirmada pelo e-mail\u00a0amilton@cjunior.adv.br, informando o respons\u00e1vel pela solicita\u00e7\u00e3o, telefones de contato, caso necess\u00e1rio, a dilig\u00eancia a ser executada, a descri\u00e7\u00e3o e quantidade de atos e documentos a serem enviados ou produzidos e o prazo para retorno da dilig\u00eancia e demais detalhes que se fa\u00e7am necess\u00e1rios \u00e0 execu\u00e7\u00e3o da dilig\u00eancia.\n<br>\n<br>\nO pagamento dos honor\u00e1rios iniciais preferencialmente dever\u00e1 ser efetuado quando da solicita\u00e7\u00e3o dos servi\u00e7os, mediante dep\u00f3sito em conta corrente.\n<br>\nObserva\u00e7\u00f5es:\n<br>\n<br>\n1.\u00a0O pagamento dos honor\u00e1rios iniciais, preferencialmente, dever\u00e1 ser efetuado quando da solicita\u00e7\u00e3o dos servi\u00e7os, mediante transfer\u00eancia\/dep\u00f3sito em conta corrente;\n<br>\n<br>\n2. N\u00e3o est\u00e3o compreendidos nos honor\u00e1rios, despesas, eventualmente, antecipadas pelo escrit\u00f3rio como correio, c\u00f3pias xerogr\u00e1ficas, estacionamento, custas e taxas judiciais, as quais dever\u00e3o ser reembolsadas na medida em que forem sendo apresentadas, mediante envio dos respectivos comprovantes;\n<br>\n<br>\n3. As c\u00f3pias ou documentos solicitados poder\u00e3o ser enviados por e-mail (digitalizadas) ou Correio (o valor a ser verificado junto a ECT);\n<br>\n<br>\n4. Nos casos em que as audi\u00eancias de concilia\u00e7\u00e3o (Juizados Especiais e trabalhistas) s\u00e3o convoladas em audi\u00eancia de instru\u00e7\u00e3o e julgamento ser\u00e1 cobrado o valor pela instru\u00e7\u00e3o acrescida de 30% (trinta por cento);\n<br>\n<br>\n5. As impress\u00f5es de peti\u00e7\u00f5es recebidas por e-mail, para posterior protocolo, ser\u00e3o cobradas na propor\u00e7\u00e3o de R$ 0,75 por p\u00e1gina e R$ 1,00 ap\u00f3s a 20\u00aa folha;\n<br>\n<br>\n6. Valores, exclusivamente, para servi\u00e7o de correspond\u00eancia jur\u00eddica.\n<br>\n<br>\nDemais atividades seguem tabela de honor\u00e1rios advocat\u00edcios da Ordem dos Advogados do Brasil\/PB.<\/p><\/div><\/div><\/div><\/div><div id=\"pg-214-1\"  class=\"panel-grid panel-no-style\" ><div id=\"pgc-214-1-0\"  class=\"panel-grid-cell\" ><div id=\"panel-214-1-0-0\" class=\"so-panel widget widget_themegrill_suffice_title tg-title-container panel-first-child\" data-index=\"2\" ><div class=\"title title-ribbon title-left\">\r\n\t<h3 class=\"title-title\" style=color:#ffffff;background-color:#4f4f4f;>Servi\u00e7os de Correspond\u00eancia Jur\u00eddica<\/h3>\r\n\r\n\t\r\n\t\r\n\t<\/div>\r\n<\/div><div id=\"panel-214-1-0-1\" class=\"so-panel widget widget_sow-editor panel-last-child\" data-index=\"3\" ><div class=\"so-widget-sow-editor so-widget-sow-editor-base\">\n<div class=\"siteorigin-widget-tinymce textwidget\">\n\t<p>Poderemos dispor, em contrato, de um valor fixo para pagamento mensal dos trabalhos de correspond\u00eancia realizados, independentemente da quantidade de atos.<\/p>\n<p>Demais atos judiciais inerentes \u00e0 advocacia, mediante elabora\u00e7\u00e3o de pe\u00e7as processuais seguem fixa\u00e7\u00e3o m\u00ednima pela tabela de honor\u00e1rios da OAB\/PB.<\/p>\n<\/div>\n<\/div><\/div><\/div><\/div><\/div>","protected":false},"excerpt":{"rendered":"<p>Poderemos dispor, em contrato, de um valor fixo para pagamento mensal dos trabalhos de correspond\u00eancia realizados, independentemente da quantidade de atos. Demais atos judiciais inerentes \u00e0 advocacia, mediante elabora\u00e7\u00e3o de pe\u00e7as processuais seguem fixa\u00e7\u00e3o m\u00ednima pela tabela de honor\u00e1rios da OAB\/PB.<\/p>\n","protected":false},"author":1,"featured_media":0,"parent":0,"menu_order":0,"comment_status":"closed","ping_status":"closed","template":"","meta":{"footnotes":""},"class_list":["post-214","page","type-page","status-publish","hentry"],"_links":{"self":[{"href":"https:\/\/costajunioradvocacia.com.br\/portal\/wp-json\/wp\/v2\/pages\/214","targetHints":{"allow":["GET"]}}],"collection":[{"href":"https:\/\/costajunioradvocacia.com.br\/portal\/wp-json\/wp\/v2\/pages"}],"about":[{"href":"https:\/\/costajunioradvocacia.com.br\/portal\/wp-json\/wp\/v2\/types\/page"}],"author":[{"embeddable":true,"href":"https:\/\/costajunioradvocacia.com.br\/portal\/wp-json\/wp\/v2\/users\/1"}],"replies":[{"embeddable":true,"href":"https:\/\/costajunioradvocacia.com.br\/portal\/wp-json\/wp\/v2\/comments?post=214"}],"version-history":[{"count":27,"href":"https:\/\/costajunioradvocacia.com.br\/portal\/wp-json\/wp\/v2\/pages\/214\/revisions"}],"predecessor-version":[{"id":407,"href":"https:\/\/costajunioradvocacia.com.br\/portal\/wp-json\/wp\/v2\/pages\/214\/revisions\/407"}],"wp:attachment":[{"href":"https:\/\/costajunioradvocacia.com.br\/portal\/wp-json\/wp\/v2\/media?parent=214"}],"curies":[{"name":"wp","href":"https:\/\/api.w.org\/{rel}","templated":true}]}}