{"id":212,"date":"2021-03-04T14:52:02","date_gmt":"2021-03-04T14:52:02","guid":{"rendered":"https:\/\/costajunioradvocacia.com.br\/portal\/?page_id=212"},"modified":"2021-03-10T12:53:56","modified_gmt":"2021-03-10T12:53:56","slug":"quem-somos","status":"publish","type":"page","link":"https:\/\/costajunioradvocacia.com.br\/portal\/quem-somos\/","title":{"rendered":"Quem Somos"},"content":{"rendered":"<div id=\"pl-212\"  class=\"panel-layout\" ><div id=\"pg-212-0\"  class=\"panel-grid panel-no-style\" ><div id=\"pgc-212-0-0\"  class=\"panel-grid-cell\" ><div id=\"panel-212-0-0-0\" class=\"so-panel widget widget_themegrill_suffice_title tg-title-container panel-first-child panel-last-child\" data-index=\"0\" ><div class=\"title title-default title-left\">\r\n\t<h3 class=\"title-title\">Advogado S\u00f3cio-Fundador<\/h3>\r\n\r\n\t\r\n\t\r\n\t<\/div>\r\n<\/div><\/div><\/div><div id=\"pg-212-1\"  class=\"panel-grid panel-no-style\" ><div id=\"pgc-212-1-0\"  class=\"panel-grid-cell\" ><div id=\"panel-212-1-0-0\" class=\"so-panel widget widget_sow-image panel-first-child panel-last-child\" data-index=\"1\" ><div class=\"so-widget-sow-image so-widget-sow-image-default-4b231843ec72\">\n\n<div class=\"sow-image-container\">\n\t<img loading=\"lazy\" decoding=\"async\" src=\"https:\/\/costajunioradvocacia.com.br\/portal\/wp-content\/uploads\/2021\/03\/foto_nova.jpeg\" width=\"914\" height=\"1280\" srcset=\"https:\/\/costajunioradvocacia.com.br\/portal\/wp-content\/uploads\/2021\/03\/foto_nova.jpeg 914w, https:\/\/costajunioradvocacia.com.br\/portal\/wp-content\/uploads\/2021\/03\/foto_nova-214x300.jpeg 214w, https:\/\/costajunioradvocacia.com.br\/portal\/wp-content\/uploads\/2021\/03\/foto_nova-731x1024.jpeg 731w, https:\/\/costajunioradvocacia.com.br\/portal\/wp-content\/uploads\/2021\/03\/foto_nova-768x1076.jpeg 768w\" sizes=\"auto, (max-width: 914px) 100vw, 914px\" alt=\"\" \t\tclass=\"so-widget-image\"\/>\n<\/div>\n\n<\/div><\/div><\/div><div id=\"pgc-212-1-1\"  class=\"panel-grid-cell\" ><div id=\"panel-212-1-1-0\" class=\"so-panel widget widget_sow-editor panel-first-child panel-last-child\" data-index=\"2\" ><div class=\"so-widget-sow-editor so-widget-sow-editor-base\">\n<div class=\"siteorigin-widget-tinymce textwidget\">\n\t<p align=\"justify\">O Dr. Amilton da Silva Costa Junior \u2013 OAB\/PB 22.518 \u2013 possui gradua\u00e7\u00e3o em DIREITO pelo CENTRO UNIVERSIT\u00c1RIO DE JO\u00c3O PESSOA (2013) e gradua\u00e7\u00e3o em Administra\u00e7\u00e3o pelo Centro Universit\u00e1rio de Jo\u00e3o Pessoa (2002).<\/p>\n<p>&nbsp;<\/p>\n<p>Atualmente, \u00e9 P\u00f3s-Graduando em Direito e Processo Previdenci\u00e1rio (2020), \u00e9 P\u00f3s-Graduado em Direito e Processo do Trabalho pelo Faculdade Dam\u00e1sio de Jesus \u2013 S\u00e3o Paulo, al\u00e9m de P\u00f3s-Graduado em Gest\u00e3o Empresarial e de Pessoas pela Universidade Potiguar do Rio Grande do Norte.<\/p>\n<p>&nbsp;<\/p>\n<p>Atuou como Professor Bolsista do PRONATEC nas Disciplinas de Legisla\u00e7\u00e3o Trabalhista e Procedimentos Administrativos em RH, tamb\u00e9m, foi Professor do Ensino B\u00e1sico, T\u00e9cnico e Tecnol\u00f3gico, atuando na Educa\u00e7\u00e3o B\u00e1sica, na Educa\u00e7\u00e3o Superior, na Educa\u00e7\u00e3o Profissional e Tecnol\u00f3gica e na Educa\u00e7\u00e3o de Jovens e Adultos do Instituto Federal de Educa\u00e7\u00e3o, Ci\u00eancia e Tecnologia da Para\u00edba \u2013 IFPB \u2013 CG, nas Disciplinas de Empreendedorismo e Rela\u00e7\u00f5es Humanas no Trabalho.<\/p>\n<p>&nbsp;<\/p>\n<p>Ademais, atuou como orientador em algumas Bancas de Trabalho de Conclus\u00e3o de Curso \u2013 TCC, tamb\u00e9m participou do CONTECC 2016 \u2013 Congresso T\u00e9cnico Cient\u00edfico da Engenharia e da Agronomia, realizado em Foz do Igua\u00e7u\/PR, atuando como avaliador.<\/p>\n<p>&nbsp;<\/p>\n<p>Por fim, tem experi\u00eancia na \u00e1rea de Direito, com \u00eanfase em Direito Trabalhista e do Consumidor e na \u00e1rea de Administra\u00e7\u00e3o de Empresas, focado em Empreendedorismo e Rela\u00e7\u00f5es Humanas no Trabalho.<\/p>\n<\/div>\n<\/div><\/div><\/div><\/div><div id=\"pg-212-2\"  class=\"panel-grid panel-no-style\" ><div id=\"pgc-212-2-0\"  class=\"panel-grid-cell\" ><div id=\"panel-212-2-0-0\" class=\"so-panel widget widget_themegrill_suffice_title tg-title-container panel-first-child\" data-index=\"3\" ><div class=\"title title-ribbon title-left\">\r\n\t<h3 class=\"title-title\" style=color:#ffffff;background-color:#4f4f4f;>Nossa Miss\u00e3o<\/h3>\r\n\r\n\t\r\n\t\r\n\t<\/div>\r\n<\/div><div id=\"panel-212-2-0-1\" class=\"widget_text so-panel widget widget_custom_html panel-last-child\" data-index=\"4\" ><div class=\"textwidget custom-html-widget\"><p align=\"justify\">\n\tPrestar servi\u00e7os jur\u00eddicos com excel\u00eancia, oferecendo solu\u00e7\u00f5es inovadoras e tecnol\u00f3gicas para obten\u00e7\u00e3o de resultados positivos que garantam a satisfa\u00e7\u00e3o de seus clientes e da sociedade.\n<\/p><\/div><\/div><\/div><div id=\"pgc-212-2-1\"  class=\"panel-grid-cell\" ><div id=\"panel-212-2-1-0\" class=\"so-panel widget widget_themegrill_suffice_title tg-title-container panel-first-child\" data-index=\"5\" ><div class=\"title title-ribbon title-left\">\r\n\t<h3 class=\"title-title\" style=color:#ffffff;background-color:#4f4f4f;>Nossa Vis\u00e3o<\/h3>\r\n\r\n\t\r\n\t\r\n\t<\/div>\r\n<\/div><div id=\"panel-212-2-1-1\" class=\"so-panel widget widget_sow-editor panel-last-child\" data-index=\"6\" ><div class=\"so-widget-sow-editor so-widget-sow-editor-base\">\n<div class=\"siteorigin-widget-tinymce textwidget\">\n\t<p>Ser refer\u00eancia nas \u00e1reas em que atua, sobretudo reconhecido pelos seus clientes como um escrit\u00f3rio moderno, inovador e eficiente.<\/p>\n<\/div>\n<\/div><\/div><\/div><\/div><div id=\"pg-212-3\"  class=\"panel-grid panel-no-style\" ><div id=\"pgc-212-3-0\"  class=\"panel-grid-cell\" ><div id=\"panel-212-3-0-0\" class=\"so-panel widget widget_themegrill_suffice_title tg-title-container panel-first-child panel-last-child\" data-index=\"7\" ><div class=\"title title-ribbon title-left\">\r\n\t<h3 class=\"title-title\" style=color:#ffffff;background-color:#4f4f4f;>Nossos Valores<\/h3>\r\n\r\n\t\r\n\t\r\n\t<\/div>\r\n<\/div><\/div><\/div><div id=\"pg-212-4\"  class=\"panel-grid panel-no-style\" ><div id=\"pgc-212-4-0\"  class=\"panel-grid-cell\" ><div id=\"panel-212-4-0-0\" class=\"so-panel widget widget_themegrill_suffice_title tg-title-container panel-first-child panel-last-child\" data-index=\"8\" ><div class=\"title title-default title-left\">\r\n\t<h3 class=\"title-title\">COMPROMETIMENTO<\/h3>\r\n\r\n\t\t\t<p class=\"sub-title\">Compromisso dos S\u00f3cios e Colaboradores com os objetivos do escrit\u00f3rio.<\/p>\r\n\t\r\n\t\r\n\t<\/div>\r\n<\/div><\/div><div id=\"pgc-212-4-1\"  class=\"panel-grid-cell\" ><div id=\"panel-212-4-1-0\" class=\"so-panel widget widget_themegrill_suffice_title tg-title-container panel-first-child panel-last-child\" data-index=\"9\" ><div class=\"title title-default title-left\">\r\n\t<h3 class=\"title-title\">EXCEL\u00caNCIA<\/h3>\r\n\r\n\t\t\t<p class=\"sub-title\">Prestar servi\u00e7os de advocacia com efici\u00eancia e qualidade, superando as expectativas de cada um dos seus clientes.<\/p>\r\n\t\r\n\t\r\n\t<\/div>\r\n<\/div><\/div><\/div><div id=\"pg-212-5\"  class=\"panel-grid panel-no-style\" ><div id=\"pgc-212-5-0\"  class=\"panel-grid-cell\" ><div id=\"panel-212-5-0-0\" class=\"so-panel widget widget_themegrill_suffice_title tg-title-container panel-first-child panel-last-child\" data-index=\"10\" ><div class=\"title title-default title-left\">\r\n\t<h3 class=\"title-title\">\u00c9TICA E INTEGRIDADE<\/h3>\r\n\r\n\t\t\t<p class=\"sub-title\">Atuar de forma \u00e9tica e \u00edntegra na condu\u00e7\u00e3o dos neg\u00f3cios e dos processos, principalmente, na rela\u00e7\u00e3o com seus clientes internos e externos.<\/p>\r\n\t\r\n\t\r\n\t<\/div>\r\n<\/div><\/div><div id=\"pgc-212-5-1\"  class=\"panel-grid-cell\" ><div id=\"panel-212-5-1-0\" class=\"so-panel widget widget_themegrill_suffice_title tg-title-container panel-first-child panel-last-child\" data-index=\"11\" ><div class=\"title title-default title-left\">\r\n\t<h3 class=\"title-title\">RESPEITO<\/h3>\r\n\r\n\t\t\t<p class=\"sub-title\">Interagir com respeito nas rela\u00e7\u00f5es pessoais e profissionais.<\/p>\r\n\t\r\n\t\r\n\t<\/div>\r\n<\/div><\/div><\/div><\/div>","protected":false},"excerpt":{"rendered":"<p>O Dr. Amilton da Silva Costa Junior \u2013 OAB\/PB 22.518 \u2013 possui gradua\u00e7\u00e3o em DIREITO pelo CENTRO UNIVERSIT\u00c1RIO DE JO\u00c3O PESSOA (2013) e gradua\u00e7\u00e3o em Administra\u00e7\u00e3o pelo Centro Universit\u00e1rio de Jo\u00e3o Pessoa (2002). &nbsp; Atualmente, \u00e9 P\u00f3s-Graduando em Direito e Processo Previdenci\u00e1rio (2020), \u00e9 P\u00f3s-Graduado em Direito e Processo do Trabalho pelo Faculdade Dam\u00e1sio de [&hellip;]<\/p>\n","protected":false},"author":1,"featured_media":0,"parent":0,"menu_order":0,"comment_status":"closed","ping_status":"closed","template":"","meta":{"footnotes":""},"class_list":["post-212","page","type-page","status-publish","hentry"],"_links":{"self":[{"href":"https:\/\/costajunioradvocacia.com.br\/portal\/wp-json\/wp\/v2\/pages\/212","targetHints":{"allow":["GET"]}}],"collection":[{"href":"https:\/\/costajunioradvocacia.com.br\/portal\/wp-json\/wp\/v2\/pages"}],"about":[{"href":"https:\/\/costajunioradvocacia.com.br\/portal\/wp-json\/wp\/v2\/types\/page"}],"author":[{"embeddable":true,"href":"https:\/\/costajunioradvocacia.com.br\/portal\/wp-json\/wp\/v2\/users\/1"}],"replies":[{"embeddable":true,"href":"https:\/\/costajunioradvocacia.com.br\/portal\/wp-json\/wp\/v2\/comments?post=212"}],"version-history":[{"count":39,"href":"https:\/\/costajunioradvocacia.com.br\/portal\/wp-json\/wp\/v2\/pages\/212\/revisions"}],"predecessor-version":[{"id":413,"href":"https:\/\/costajunioradvocacia.com.br\/portal\/wp-json\/wp\/v2\/pages\/212\/revisions\/413"}],"wp:attachment":[{"href":"https:\/\/costajunioradvocacia.com.br\/portal\/wp-json\/wp\/v2\/media?parent=212"}],"curies":[{"name":"wp","href":"https:\/\/api.w.org\/{rel}","templated":true}]}}